{"id":6910,"date":"2021-07-11T22:50:43","date_gmt":"2021-07-11T20:50:43","guid":{"rendered":"https:\/\/stephanejanssoone.com\/?page_id=6910"},"modified":"2023-01-14T01:22:37","modified_gmt":"2023-01-13T23:22:37","slug":"a-propos-4","status":"publish","type":"page","link":"https:\/\/stephanejanssoone.com\/en\/a-propos-4\/","title":{"rendered":"\u00c0 PROPOS"},"content":{"rendered":"<p>[et_pb_section fb_built=\u00a0\u00bb1&Prime; fullwidth=\u00a0\u00bbon\u00a0\u00bb _builder_version=\u00a0\u00bb4.16&Prime; _module_preset=\u00a0\u00bbdefault\u00a0\u00bb global_colors_info=\u00a0\u00bb{}\u00a0\u00bb][et_pb_fullwidth_header subhead=\u00a0\u00bb\u00c0 PROPOS\u00a0\u00bb text_orientation=\u00a0\u00bbcenter\u00a0\u00bb header_fullscreen=\u00a0\u00bbon\u00a0\u00bb background_overlay_color=\u00a0\u00bbrgba(0,0,0,0)\u00a0\u00bb _builder_version=\u00a0\u00bb4.16&Prime; title_font=\u00a0\u00bb|||on|||||\u00a0\u00bb title_text_align=\u00a0\u00bbcenter\u00a0\u00bb title_font_size=\u00a0\u00bb29px\u00a0\u00bb title_letter_spacing=\u00a0\u00bb5px\u00a0\u00bb content_font=\u00a0\u00bb||||||||\u00a0\u00bb subhead_font=\u00a0\u00bb|800||on|||||\u00a0\u00bb subhead_text_align=\u00a0\u00bbcenter\u00a0\u00bb subhead_font_size=\u00a0\u00bb100px\u00a0\u00bb subhead_line_height=\u00a0\u00bb1.1em\u00a0\u00bb background_enable_color=\u00a0\u00bboff\u00a0\u00bb background_image=\u00a0\u00bbhttps:\/\/stephanejanssoone.com\/wp-content\/uploads\/A-PROPOS-.png\u00a0\u00bb subhead_font_size_tablet=\u00a0\u00bb70px\u00a0\u00bb subhead_font_size_phone=\u00a0\u00bb\u00a0\u00bb subhead_font_size_last_edited=\u00a0\u00bbon|desktop\u00a0\u00bb global_colors_info=\u00a0\u00bb{}\u00a0\u00bb button_one_text_size__hover_enabled=\u00a0\u00bboff\u00a0\u00bb button_two_text_size__hover_enabled=\u00a0\u00bboff\u00a0\u00bb button_one_text_color__hover_enabled=\u00a0\u00bboff\u00a0\u00bb button_two_text_color__hover_enabled=\u00a0\u00bboff\u00a0\u00bb button_one_border_width__hover_enabled=\u00a0\u00bboff\u00a0\u00bb button_two_border_width__hover_enabled=\u00a0\u00bboff\u00a0\u00bb button_one_border_color__hover_enabled=\u00a0\u00bboff\u00a0\u00bb button_two_border_color__hover_enabled=\u00a0\u00bboff\u00a0\u00bb button_one_border_radius__hover_enabled=\u00a0\u00bboff\u00a0\u00bb button_two_border_radius__hover_enabled=\u00a0\u00bboff\u00a0\u00bb button_one_letter_spacing__hover_enabled=\u00a0\u00bboff\u00a0\u00bb button_two_letter_spacing__hover_enabled=\u00a0\u00bboff\u00a0\u00bb button_one_bg_color__hover_enabled=\u00a0\u00bboff\u00a0\u00bb button_two_bg_color__hover_enabled=\u00a0\u00bboff\u00a0\u00bb][\/et_pb_fullwidth_header][\/et_pb_section][et_pb_section fb_built=\u00a0\u00bb1&Prime; _builder_version=\u00a0\u00bb4.16&Prime; background_color=\u00a0\u00bb#52809e\u00a0\u00bb background_enable_image=\u00a0\u00bboff\u00a0\u00bb parallax=\u00a0\u00bbon\u00a0\u00bb global_colors_info=\u00a0\u00bb{}\u00a0\u00bb][et_pb_row _builder_version=\u00a0\u00bb4.16&Prime; global_colors_info=\u00a0\u00bb{}\u00a0\u00bb][et_pb_column type=\u00a0\u00bb4_4&Prime; _builder_version=\u00a0\u00bb4.16&Prime; custom_padding=\u00a0\u00bb|||\u00a0\u00bb global_colors_info=\u00a0\u00bb{}\u00a0\u00bb custom_padding__hover=\u00a0\u00bb|||\u00a0\u00bb][et_pb_blurb use_icon=\u00a0\u00bbon\u00a0\u00bb font_icon=\u00a0\u00bb&#x7b;||divi||400&Prime; icon_color=\u00a0\u00bb#FFFFFF\u00a0\u00bb image_icon_width=\u00a0\u00bb40px\u00a0\u00bb content_max_width=\u00a0\u00bb1100px\u00a0\u00bb _builder_version=\u00a0\u00bb4.16&Prime; header_font=\u00a0\u00bb||||||||\u00a0\u00bb body_font=\u00a0\u00bb|600|||||||\u00a0\u00bb body_text_align=\u00a0\u00bbcenter\u00a0\u00bb body_font_size=\u00a0\u00bb20px\u00a0\u00bb body_line_height=\u00a0\u00bb2em\u00a0\u00bb text_orientation=\u00a0\u00bbcenter\u00a0\u00bb background_layout=\u00a0\u00bbdark\u00a0\u00bb custom_margin=\u00a0\u00bb|||\u00a0\u00bb custom_padding=\u00a0\u00bb|||\u00a0\u00bb icon_font_size=\u00a0\u00bb40px\u00a0\u00bb global_colors_info=\u00a0\u00bb{}\u00a0\u00bb]<\/p>\n<p class=\"p1\"><span class=\"s1\"> \u00ab Happiness is to realize one's true nature. Every living organism perseveres, makes an effort to grow, to increase itself and to realize its deepest nature \u00bb.<\/span><\/p>\n<p>[\/et_pb_blurb][et_pb_text _builder_version=\u00a0\u00bb4.16&Prime; text_font=\u00a0\u00bb|600||on|||||\u00a0\u00bb text_text_color=\u00a0\u00bb#FFFFFF\u00a0\u00bb global_colors_info=\u00a0\u00bb{}\u00a0\u00bb]<\/p>\n<p style=\"text-align: center;\">SPINOZA<\/p>\n<p>[\/et_pb_text][\/et_pb_column][\/et_pb_row][\/et_pb_section][et_pb_section fb_built=\u00a0\u00bb1&Prime; _builder_version=\u00a0\u00bb4.16&Prime; custom_margin=\u00a0\u00bb|20px||20px||true\u00a0\u00bb global_colors_info=\u00a0\u00bb{}\u00a0\u00bb][et_pb_row _builder_version=\u00a0\u00bb4.16&Prime; _module_preset=\u00a0\u00bbdefault\u00a0\u00bb global_colors_info=\u00a0\u00bb{}\u00a0\u00bb][et_pb_column type=\u00a0\u00bb4_4&Prime; _builder_version=\u00a0\u00bb4.16&Prime; _module_preset=\u00a0\u00bbdefault\u00a0\u00bb global_colors_info=\u00a0\u00bb{}\u00a0\u00bb][et_pb_text _builder_version=\u00a0\u00bb4.16&Prime; global_colors_info=\u00a0\u00bb{}\u00a0\u00bb]<\/p>\n<p class=\"_04xlpA direction-ltr align-justify para-style-body\" style=\"text-align: center;\"><strong><span style=\"color: #52809e;\"><em><\/em><\/span><\/strong><\/p>\n<p class=\"gmail-m_1862031170352564817p1\"><span class=\"gmail-m_1862031170352564817s1\"><span>To tell you about myself, I could tell you that I was a professional triathlete, selected in the French team with several participations in world championships, and that the<\/span><\/span><span class=\"gmail-m_1862031170352564817apple-converted-space\"><span>\u00a0<\/span><\/span><strong><span>practice of sport at a high level<\/span><\/strong><span class=\"gmail-m_1862031170352564817apple-converted-space\"><span>\u00a0<\/span><\/span><span class=\"gmail-m_1862031170352564817s1\"><span>taught me rigour, gave me a taste for effort<\/span><\/span><span class=\"gmail-m_1862031170352564817apple-converted-space\"><span>\u00a0<\/span><\/span><span class=\"gmail-m_1862031170352564817s2\"><span>tout en pointant l\u2019importance de savoir identifier et d\u00e9velopper ses talents.\u00a0<\/span><\/span><\/p>\n<p class=\"gmail-m_1862031170352564817p2\"><span class=\"gmail-m_1862031170352564817s1\"><span><u><\/u>\u00a0<u><\/u><\/span><\/span><span class=\"gmail-m_1862031170352564817s1\"><span>Je pourrais vous dire qu\u2019apr\u00e8s mon universit\u00e9 de physique-chimie, j\u2019ai souhait\u00e9 valider chacune de mes comp\u00e9tences, notamment avec un MBA, et que la formation sera toujours au centre de mes int\u00e9r\u00eats.<u><\/u><u><\/u><\/span><\/span><\/p>\n<p class=\"gmail-m_1862031170352564817p2\"><span class=\"gmail-m_1862031170352564817s1\"><span>Il y a<\/span><\/span><span class=\"gmail-m_1862031170352564817apple-converted-space\"><span>\u00a0<\/span><\/span><span class=\"gmail-m_1862031170352564817s1\"><span>tant \u00e0<b>\u00a0apprendre<\/b><\/span><\/span><span class=\"gmail-m_1862031170352564817apple-converted-space\"><b><span>\u00a0<\/span><\/b><\/span><span class=\"gmail-m_1862031170352564817s1\"><span>et tant \u00e0\u00a0<b>transmettre<\/b>.<\/span><\/span><u><\/u><u><\/u><\/p>\n<p class=\"gmail-m_1862031170352564817p2\"><span class=\"gmail-m_1862031170352564817s1\"><span>I could dwell on my<\/span><\/span><span class=\"gmail-m_1862031170352564817apple-converted-space\"><span>\u00a0<\/span><\/span><strong><span>professional career<\/span><\/strong><span class=\"gmail-m_1862031170352564817apple-converted-space\"><span>\u00a0<\/span><\/span><span class=\"gmail-m_1862031170352564817s1\"><span>o\u00f9 pendant 20 ans, j\u2019ai \u00e9volu\u00e9 comme cadre en ventes internationales, marketing,\u00a0 business development et management, au<\/span><\/span><span class=\"gmail-m_1862031170352564817apple-converted-space\"><span>\u00a0<\/span><\/span><strong><span>in large groups and SMEs<\/span><\/strong><span class=\"gmail-m_1862031170352564817apple-converted-space\"><span>\u00a0<\/span><\/span><span class=\"gmail-m_1862031170352564817s1\"><span>in the sports industry. Management has been a revelation for me, the company and its social environment being a formidable challenge for interpersonal relations, but also for personal development.<\/span><\/span><u><\/u><u><\/u><\/p>\n<p class=\"gmail-m_1862031170352564817p1\"><span class=\"gmail-m_1862031170352564817s1\"><span>I could add that in the course of my activities, I have developed a passion for Japanese culture, Zen Buddhism and spirituality, that I have practiced Chinese medicine and Japanese acupuncture and that yoga and martial arts still have a predominant place in my life.<u><\/u><u><\/u><\/span><\/span><u><\/u><u><\/u><\/p>\n<p class=\"gmail-m_1862031170352564817p2\"><span>But I prefer to tell you that in the beginning there is a book,<strong><i>Alchimiste<\/i><\/strong><strong>\u00a0<\/strong><strong>de Paulo Coelho<\/strong><\/span><span class=\"gmail-m_1862031170352564817apple-converted-space\"><span>\u00a0<\/span><\/span><span>and the understanding, on reading this novel, that we can create our own life path, our own personal legend and find within ourselves what truly makes sense.<\/span><\/p>\n<p><u><\/u><u><\/u><\/p>\n<p class=\"gmail-m_1862031170352564817p1\"><span class=\"gmail-m_1862031170352564817s1\"><span>Qu\u2019\u00e0 partir de l\u00e0, je n\u2019aurais de cesse de vouloir mieux me conna\u00eetre et me comprendre afin d\u2019esp\u00e9rer d\u00e9couvrir, un jour, la plus belle version de moi. Celle qui serait en parfaite coh\u00e9rence avec celui que je suis vraiment. Qui serait en total alignement avec mes <b>valeurs<\/b>. Qui me permettrait de prendre pleinement la\u00a0<b>part du monde<\/b>\u00a0qui m\u2019est propos\u00e9e.<\/span><span><u><\/u><u><\/u><\/span><\/span><\/p>\n<p class=\"gmail-m_1862031170352564817p1\"><span class=\"gmail-m_1862031170352564817s1\"><span>J\u2019entamais alors le\u00a0<b>travail d\u2019une vie<\/b>\u00a0au cours duquel j\u2019allais apprendre \u00e0 observer et reconna\u00eetre mes blessures tout en \u0153uvrant \u00e0 les gu\u00e9rir, une \u00e0 une, avec patience et humilit\u00e9, avec discipline et d\u00e9termination.<u><\/u><u><\/u><\/span><\/span><\/p>\n<p class=\"gmail-m_1862031170352564817p1\"><span class=\"gmail-m_1862031170352564817s1\"><span>Loin d\u2019\u00eatre achev\u00e9e, cette voie de la\u00a0<b>transformation personnelle<\/b>\u00a0m\u2019offre d\u2019apprendre et d\u2019exp\u00e9rimenter des outils et des m\u00e9thodes, de me confronter \u00e0 l\u2019adversit\u00e9 et aux \u00e9checs, mais aussi de progresser et de gagner.<u><\/u><u><\/u><\/span><\/span><\/p>\n<p class=\"gmail-m_1862031170352564817p1\">\n<p class=\"gmail-m_1862031170352564817p1\"><span class=\"gmail-m_1862031170352564817s1\"><span>Elle me montre l\u2019importance de la\u00a0<b>compr\u00e9hension<\/b>\u00a0pour devenir autonome et responsable.<u><\/u><u><\/u><\/span><\/span><\/p>\n<p class=\"gmail-m_1862031170352564817p1\"><span class=\"gmail-m_1862031170352564817s1\"><span>Elle me r\u00e9v\u00e8le que l\u2019on\u00a0<b>rep\u00e8re chez l\u2019autre<\/b>\u00a0ce que l\u2019on a\u00a0<b>besoin d\u2019apprendre<\/b>. Et qu\u2019en g\u00e9n\u00e9ral, c\u2019est ce que l\u2019on\u00a0<b>enseigne le mieux.<\/b><u><\/u><u><\/u><\/span><\/span><\/p>\n<p class=\"gmail-m_1862031170352564817p1\"><strong><span>Au fil des ann\u00e9es, mon d\u00e9sir de<\/span><\/strong><strong><span>\u00a0transmettre\u00a0<\/span><\/strong><strong><span>et d\u2019<\/span><\/strong><strong><span>accompagner\u00a0<\/span><\/strong><strong><span>s\u2019est naturellement \u00e9toff\u00e9 pour devenir une<\/span><\/strong><strong><span>\u00a0passion<\/span><\/strong><strong><span>, pleine et enti\u00e8re, qui m\u2019anime \u00e0 chaque instant.<\/span><\/strong><strong><span><u><\/u><u><\/u><\/span><\/strong><\/p>\n<p class=\"gmail-m_1862031170352564817p1\"><strong><span><u><\/u>\u00a0<u><\/u><\/span><\/strong><\/p>\n<p class=\"gmail-m_1862031170352564817p1\"><strong><span>Et c\u2019est l\u00e0, surement, ce que je fais de mieux.<\/span><\/strong><\/p>\n<p class=\"_04xlpA direction-ltr align-justify para-style-body\" style=\"text-align: center;\"><strong><span style=\"color: #52809e;\"><em><\/em><\/span><\/strong><\/p>\n<p class=\"_04xlpA direction-ltr align-justify para-style-body\" style=\"text-align: center;\">\n<p>&nbsp;<\/p>\n<p>[\/et_pb_text][\/et_pb_column][\/et_pb_row][et_pb_row column_structure=\u00a0\u00bb1_2,1_2&Prime; _builder_version=\u00a0\u00bb4.16&Prime; background_enable_image=\u00a0\u00bboff\u00a0\u00bb global_colors_info=\u00a0\u00bb{}\u00a0\u00bb][et_pb_column type=\u00a0\u00bb1_2&Prime; _builder_version=\u00a0\u00bb4.16&Prime; custom_padding=\u00a0\u00bb|||\u00a0\u00bb global_colors_info=\u00a0\u00bb{}\u00a0\u00bb custom_padding__hover=\u00a0\u00bb|||\u00a0\u00bb][et_pb_image src=\u00a0\u00bbhttps:\/\/stephanejanssoone.com\/wp-content\/uploads\/A-PROPOS-copie.png\u00a0\u00bb title_text=\u00a0\u00bbA PROPOS copie\u00a0\u00bb _builder_version=\u00a0\u00bb4.16&Prime; _module_preset=\u00a0\u00bbdefault\u00a0\u00bb width=\u00a0\u00bb82%\u00a0\u00bb max_width=\u00a0\u00bb82%\u00a0\u00bb module_alignment=\u00a0\u00bbcenter\u00a0\u00bb global_colors_info=\u00a0\u00bb{}\u00a0\u00bb][\/et_pb_image][\/et_pb_column][et_pb_column type=\u00a0\u00bb1_2&Prime; _builder_version=\u00a0\u00bb4.16&Prime; custom_padding=\u00a0\u00bb|||\u00a0\u00bb global_colors_info=\u00a0\u00bb{}\u00a0\u00bb custom_padding__hover=\u00a0\u00bb|||\u00a0\u00bb][et_pb_image src=\u00a0\u00bbhttps:\/\/stephanejanssoone.com\/wp-content\/uploads\/IMG_1724-scaled.jpg\u00a0\u00bb title_text=\u00a0\u00bbIMG_1724&Prime; _builder_version=\u00a0\u00bb4.16&Prime; _module_preset=\u00a0\u00bbdefault\u00a0\u00bb global_colors_info=\u00a0\u00bb{}\u00a0\u00bb][\/et_pb_image][\/et_pb_column][\/et_pb_row][et_pb_row column_structure=\u00a0\u00bb1_5,1_5,1_5,1_5,1_5&Prime; _builder_version=\u00a0\u00bb4.16&Prime; _module_preset=\u00a0\u00bbdefault\u00a0\u00bb global_colors_info=\u00a0\u00bb{}\u00a0\u00bb][et_pb_column type=\u00a0\u00bb1_5&Prime; _builder_version=\u00a0\u00bb4.16&Prime; _module_preset=\u00a0\u00bbdefault\u00a0\u00bb global_colors_info=\u00a0\u00bb{}\u00a0\u00bb][et_pb_image src=\u00a0\u00bbhttps:\/\/stephanejanssoone.com\/wp-content\/uploads\/mbti-1.png\u00a0\u00bb title_text=\u00a0\u00bbmbti\u00a0\u00bb _builder_version=\u00a0\u00bb4.16&Prime; _module_preset=\u00a0\u00bbdefault\u00a0\u00bb global_colors_info=\u00a0\u00bb{}\u00a0\u00bb][\/et_pb_image][\/et_pb_column][et_pb_column type=\u00a0\u00bb1_5&Prime; _builder_version=\u00a0\u00bb4.16&Prime; _module_preset=\u00a0\u00bbdefault\u00a0\u00bb global_colors_info=\u00a0\u00bb{}\u00a0\u00bb][et_pb_image src=\u00a0\u00bbhttps:\/\/stephanejanssoone.com\/wp-content\/uploads\/oxygenadvantage-1.png\u00a0\u00bb title_text=\u00a0\u00bboxygenadvantage\u00a0\u00bb _builder_version=\u00a0\u00bb4.16&Prime; _module_preset=\u00a0\u00bbdefault\u00a0\u00bb global_colors_info=\u00a0\u00bb{}\u00a0\u00bb][\/et_pb_image][\/et_pb_column][et_pb_column type=\u00a0\u00bb1_5&Prime; _builder_version=\u00a0\u00bb4.16&Prime; _module_preset=\u00a0\u00bbdefault\u00a0\u00bb global_colors_info=\u00a0\u00bb{}\u00a0\u00bb][et_pb_image src=\u00a0\u00bbhttps:\/\/stephanejanssoone.com\/wp-content\/uploads\/buteyko-1.png\u00a0\u00bb title_text=\u00a0\u00bbbuteyko\u00a0\u00bb _builder_version=\u00a0\u00bb4.16&Prime; _module_preset=\u00a0\u00bbdefault\u00a0\u00bb global_colors_info=\u00a0\u00bb{}\u00a0\u00bb][\/et_pb_image][\/et_pb_column][et_pb_column type=\u00a0\u00bb1_5&Prime; _builder_version=\u00a0\u00bb4.16&Prime; _module_preset=\u00a0\u00bbdefault\u00a0\u00bb global_colors_info=\u00a0\u00bb{}\u00a0\u00bb][et_pb_image src=\u00a0\u00bbhttps:\/\/stephanejanssoone.com\/wp-content\/uploads\/wimhof.png\u00a0\u00bb title_text=\u00a0\u00bbwimhof\u00a0\u00bb url=\u00a0\u00bbhttps:\/\/www.wimhofmethod.com\/instructors\/stephanejanssoone\u00a0\u00bb url_new_window=\u00a0\u00bbon\u00a0\u00bb _builder_version=\u00a0\u00bb4.16&Prime; _module_preset=\u00a0\u00bbdefault\u00a0\u00bb global_colors_info=\u00a0\u00bb{}\u00a0\u00bb][\/et_pb_image][\/et_pb_column][et_pb_column type=\u00a0\u00bb1_5&Prime; _builder_version=\u00a0\u00bb4.16&Prime; _module_preset=\u00a0\u00bbdefault\u00a0\u00bb global_colors_info=\u00a0\u00bb{}\u00a0\u00bb][et_pb_image src=\u00a0\u00bbhttps:\/\/stephanejanssoone.com\/wp-content\/uploads\/coaching-1.png\u00a0\u00bb title_text=\u00a0\u00bbcoaching\u00a0\u00bb _builder_version=\u00a0\u00bb4.16&Prime; _module_preset=\u00a0\u00bbdefault\u00a0\u00bb global_colors_info=\u00a0\u00bb{}\u00a0\u00bb][\/et_pb_image][\/et_pb_column][\/et_pb_row][\/et_pb_section][et_pb_section fb_built=\u00a0\u00bb1&Prime; _builder_version=\u00a0\u00bb4.16&Prime; background_color=\u00a0\u00bb#52809e\u00a0\u00bb background_enable_image=\u00a0\u00bboff\u00a0\u00bb parallax=\u00a0\u00bbon\u00a0\u00bb global_colors_info=\u00a0\u00bb{}\u00a0\u00bb][et_pb_row _builder_version=\u00a0\u00bb4.16&Prime; global_colors_info=\u00a0\u00bb{}\u00a0\u00bb][et_pb_column type=\u00a0\u00bb4_4&Prime; _builder_version=\u00a0\u00bb4.16&Prime; custom_padding=\u00a0\u00bb|||\u00a0\u00bb global_colors_info=\u00a0\u00bb{}\u00a0\u00bb custom_padding__hover=\u00a0\u00bb|||\u00a0\u00bb][et_pb_blurb use_icon=\u00a0\u00bbon\u00a0\u00bb font_icon=\u00a0\u00bb&#x7b;||divi||400&Prime; icon_color=\u00a0\u00bb#FFFFFF\u00a0\u00bb image_icon_width=\u00a0\u00bb40px\u00a0\u00bb content_max_width=\u00a0\u00bb1100px\u00a0\u00bb _builder_version=\u00a0\u00bb4.16&Prime; header_font=\u00a0\u00bb||||||||\u00a0\u00bb body_font=\u00a0\u00bb|600|||||||\u00a0\u00bb body_text_align=\u00a0\u00bbcenter\u00a0\u00bb body_font_size=\u00a0\u00bb20px\u00a0\u00bb body_line_height=\u00a0\u00bb2em\u00a0\u00bb text_orientation=\u00a0\u00bbcenter\u00a0\u00bb background_layout=\u00a0\u00bbdark\u00a0\u00bb custom_margin=\u00a0\u00bb|||\u00a0\u00bb custom_padding=\u00a0\u00bb|||\u00a0\u00bb icon_font_size=\u00a0\u00bb40px\u00a0\u00bb global_colors_info=\u00a0\u00bb{}\u00a0\u00bb]<\/p>\n<p style=\"text-align: center;\">\u00ab The young man didn't know what \u00ab Personal Legend \u00bb meant.<br \/>\nIt's what you've always wanted to do. Each one of us in our prime, knows what our Personal Legend is. At this time of life, everything is clear, everything is possible, and we are not afraid to dream and wish for everything we would like to do in our lives \u00bb<\/p>\n<p>[\/et_pb_blurb][et_pb_text _builder_version=\u00a0\u00bb4.16&Prime; text_font=\u00a0\u00bb|600||on|||||\u00a0\u00bb text_text_color=\u00a0\u00bb#FFFFFF\u00a0\u00bb global_colors_info=\u00a0\u00bb{}\u00a0\u00bb]<\/p>\n<p style=\"text-align: center;\">THE ALCHEMIST - PAOLO COELHO<\/p>\n<p>[\/et_pb_text][\/et_pb_column][\/et_pb_row][\/et_pb_section][et_pb_section fb_built=\u00a0\u00bb1&Prime; _builder_version=\u00a0\u00bb4.17.6&Prime; background_image=\u00a0\u00bbhttps:\/\/stephanejanssoone.com\/wp-content\/uploads\/LOGO_SJ_Stephane_Janssoone_WimHof_Instructor.png\u00a0\u00bb background_size=\u00a0\u00bbcustom\u00a0\u00bb background_image_width=\u00a0\u00bb16%\u00a0\u00bb background_image_height=\u00a0\u00bb0%\u00a0\u00bb custom_margin=\u00a0\u00bb|20px||20px||true\u00a0\u00bb hover_enabled=\u00a0\u00bb0&Prime; global_colors_info=\u00a0\u00bb{}\u00a0\u00bb sticky_enabled=\u00a0\u00bb0&Prime;][et_pb_row _builder_version=\u00a0\u00bb4.17.6&Prime; min_height=\u00a0\u00bb101px\u00a0\u00bb hover_enabled=\u00a0\u00bb0&Prime; global_colors_info=\u00a0\u00bb{}\u00a0\u00bb sticky_enabled=\u00a0\u00bb0&Prime;][et_pb_column type=\u00a0\u00bb4_4&Prime; _builder_version=\u00a0\u00bb4.16&Prime; custom_padding=\u00a0\u00bb|||\u00a0\u00bb global_colors_info=\u00a0\u00bb{}\u00a0\u00bb custom_padding__hover=\u00a0\u00bb|||\u00a0\u00bb][\/et_pb_column][\/et_pb_row][\/et_pb_section]<\/p>","protected":false},"excerpt":{"rendered":"<p>\u00ab\u00a0Le bonheur, c\u2019est de r\u00e9aliser sa nature profonde. Tout organisme vivant pers\u00e9v\u00e8re, fait un effort pour grandir, pour s\u2019accro\u00eetre et pour r\u00e9aliser sa nature profonde\u00a0\u00bb.SPINOZA Pour vous parler de moi, je pourrais vous raconter que j\u2019ai \u00e9t\u00e9 triathl\u00e8te professionnel, s\u00e9lectionn\u00e9 en \u00e9quipe de France avec plusieurs participations \u00e0 des championnats du monde, et que la\u00a0pratique [&hellip;]<\/p>","protected":false},"author":1,"featured_media":4521,"parent":0,"menu_order":0,"comment_status":"closed","ping_status":"closed","template":"","meta":{"_et_pb_use_builder":"on","_et_pb_old_content":"","_et_gb_content_width":"","footnotes":""},"class_list":["post-6910","page","type-page","status-publish","has-post-thumbnail","hentry"],"_links":{"self":[{"href":"https:\/\/stephanejanssoone.com\/en\/wp-json\/wp\/v2\/pages\/6910"}],"collection":[{"href":"https:\/\/stephanejanssoone.com\/en\/wp-json\/wp\/v2\/pages"}],"about":[{"href":"https:\/\/stephanejanssoone.com\/en\/wp-json\/wp\/v2\/types\/page"}],"author":[{"embeddable":true,"href":"https:\/\/stephanejanssoone.com\/en\/wp-json\/wp\/v2\/users\/1"}],"replies":[{"embeddable":true,"href":"https:\/\/stephanejanssoone.com\/en\/wp-json\/wp\/v2\/comments?post=6910"}],"version-history":[{"count":31,"href":"https:\/\/stephanejanssoone.com\/en\/wp-json\/wp\/v2\/pages\/6910\/revisions"}],"predecessor-version":[{"id":7504,"href":"https:\/\/stephanejanssoone.com\/en\/wp-json\/wp\/v2\/pages\/6910\/revisions\/7504"}],"wp:featuredmedia":[{"embeddable":true,"href":"https:\/\/stephanejanssoone.com\/en\/wp-json\/wp\/v2\/media\/4521"}],"wp:attachment":[{"href":"https:\/\/stephanejanssoone.com\/en\/wp-json\/wp\/v2\/media?parent=6910"}],"curies":[{"name":"wp","href":"https:\/\/api.w.org\/{rel}","templated":true}]}}