{"id":6158,"date":"2020-04-25T15:11:42","date_gmt":"2020-04-25T13:11:42","guid":{"rendered":"https:\/\/stephanejanssoone.com\/?page_id=6158"},"modified":"2020-05-05T15:34:52","modified_gmt":"2020-05-05T13:34:52","slug":"conditions-generales-de-vente","status":"publish","type":"page","link":"https:\/\/stephanejanssoone.com\/en\/conditions-generales-de-vente\/","title":{"rendered":"Conditions g\u00e9n\u00e9rales de vente"},"content":{"rendered":"<p>[et_pb_section fb_built=\u00a0\u00bb1&Prime; _builder_version=\u00a0\u00bb3.22&Prime;][et_pb_row _builder_version=\u00a0\u00bb3.25&Prime; background_size=\u00a0\u00bbinitial\u00a0\u00bb background_position=\u00a0\u00bbtop_left\u00a0\u00bb background_repeat=\u00a0\u00bbrepeat\u00a0\u00bb][et_pb_column type=\u00a0\u00bb4_4&Prime; _builder_version=\u00a0\u00bb3.25&Prime; custom_padding=\u00a0\u00bb|||\u00a0\u00bb custom_padding__hover=\u00a0\u00bb|||\u00a0\u00bb][et_pb_text _builder_version=\u00a0\u00bb3.27.4&Prime; background_size=\u00a0\u00bbinitial\u00a0\u00bb background_position=\u00a0\u00bbtop_left\u00a0\u00bb background_repeat=\u00a0\u00bbrepeat\u00a0\u00bb]<\/p>\n<h1 class=\"entry-title main_title\">Conditions G\u00e9n\u00e9rales de Vente<\/h1>\n<h2>OBJECT, CONDITIONS.<\/h2>\n<p>Les Conditions G\u00e9n\u00e9rales de Ventes sont destin\u00e9es \u00e0 r\u00e9gir les relations commerciales entre www.stephanejanssoone.com et ses clients.<\/p>\n<p>Les Conditions G\u00e9n\u00e9rales de Ventes font partie int\u00e9grante de tout contrat conclu entre www.stephanejanssone.com et le client. En concluant un contrat avec www.stephanejanssoone.com, le client accepte les pr\u00e9sentes Conditions G\u00e9n\u00e9rales de Ventes. Toutes autres Conditions G\u00e9n\u00e9rales qui s\u2019\u00e9cartent de, contredisent ou compl\u00e8tent les pr\u00e9sentes Conditions G\u00e9n\u00e9rales de Ventes seront exclues de tout contrat.<\/p>\n<h2>Rates<\/h2>\n<p>Le prix de la prestation est conforme au tarif en vigueur au moment de la passation de commande. Il comprend les frais de coaching. En revanche, il ne comprend pas les \u00e9ventuels frais de transports et d\u2019h\u00e9bergement qui seront factur\u00e9s en sus. Tous les prix sont indiqu\u00e9s en euro et sujets aux taxes applicables.\u00a0www.stephanejanssoone.com se r\u00e9serve le droit de modifier les services et produits offerts ainsi que les prix \u00e0 tout moment et sans pr\u00e9avis.<\/p>\n<h2>Paiement<\/h2>\n<p>Vous convenez de payer imm\u00e9diatement pour tous les produits et services que vous achetez sur le Site. Il est possible que le paiement soit n\u00e9cessaire avant que ledit produit ou service ne soit disponible ou puisse \u00eatre t\u00e9l\u00e9charg\u00e9.<\/p>\n<h2>Conditions d\u2019annulation<\/h2>\n<p>Toute annulation de la prestation doit parvenir par \u00e9crit \u00e0 Genki Consulting \/ St\u00e9phane Janssoone au moins huit jours francs avant le d\u00e9but de la premi\u00e8re s\u00e9ance. Tout coaching commenc\u00e9 est d\u00fb dans sa totalit\u00e9, sauf accord des deux parties. De m\u00eame, si un coach\u00e9 ne se pr\u00e9sente pas ou s\u2019il ne pr\u00e9vient pas de son absence au moins 48 heures \u00e0 l\u2019avance, il sera factur\u00e9 comme s\u2019il avait assist\u00e9 \u00e0 une s\u00e9ance de coaching. En cas d\u2019annulation d\u2019une s\u00e9ance par Genki Consulting \/ Stephane Janssoone, pour quelque motif que ce soit, nous faisons en sorte que les coach\u00e9s soient pr\u00e9venus au plus t\u00f4t.[\/et_pb_text][\/et_pb_column][\/et_pb_row][\/et_pb_section]<\/p>","protected":false},"excerpt":{"rendered":"<p>Conditions G\u00e9n\u00e9rales de Vente OBJECT, CONDITIONS. Les Conditions G\u00e9n\u00e9rales de Ventes sont destin\u00e9es \u00e0 r\u00e9gir les relations commerciales entre www.stephanejanssoone.com et ses clients. Les Conditions G\u00e9n\u00e9rales de Ventes font partie int\u00e9grante de tout contrat conclu entre www.stephanejanssone.com et le client. En concluant un contrat avec www.stephanejanssoone.com, le client accepte les pr\u00e9sentes Conditions G\u00e9n\u00e9rales de Ventes. [&hellip;]<\/p>","protected":false},"author":1,"featured_media":0,"parent":0,"menu_order":0,"comment_status":"closed","ping_status":"closed","template":"","meta":{"_et_pb_use_builder":"on","_et_pb_old_content":"<h1 class=\"entry-title main_title\">Conditions G\u00e9n\u00e9rales de Vente<\/h1>\r\n<h2>OBJECT, CONDITIONS.<\/h2>\r\nLes Conditions G\u00e9n\u00e9rales de Ventes sont destin\u00e9es \u00e0 r\u00e9gir les relations commerciales entre www.stephanejanssoone.com et ses clients.\r\n\r\nLes Conditions G\u00e9n\u00e9rales de Ventes font partie int\u00e9grante de tout contrat conclu entre www.stephanejanssone.com et le client. En concluant un contrat avec www.stephanejanssoone.com, le client accepte les pr\u00e9sentes Conditions G\u00e9n\u00e9rales de Ventes. Toutes autres Conditions G\u00e9n\u00e9rales qui s\u2019\u00e9cartent de, contredisent ou compl\u00e8tent les pr\u00e9sentes Conditions G\u00e9n\u00e9rales de Ventes seront exclues de tout contrat.\r\n<h2>Tarifs<\/h2>\r\nLe prix de la prestation est conforme au tarif en vigueur au moment de la passation de commande. Il comprend les frais de coaching. En revanche, il ne comprend pas les \u00e9ventuels frais de transports et d\u2019h\u00e9bergement qui seront factur\u00e9s en sus. Tous les prix sont indiqu\u00e9s en euro et sujets aux taxes applicables.\u00a0www.stephanejanssoone.com se r\u00e9serve le droit de modifier les services et produits offerts ainsi que les prix \u00e0 tout moment et sans pr\u00e9avis.\r\n<h2>Paiement<\/h2>\r\nVous convenez de payer imm\u00e9diatement pour tous les produits et services que vous achetez sur le Site. Il est possible que le paiement soit n\u00e9cessaire avant que ledit produit ou service ne soit disponible ou puisse \u00eatre t\u00e9l\u00e9charg\u00e9.\r\n<h2>Conditions d\u2019annulation<\/h2>\r\nToute annulation de la prestation doit parvenir par \u00e9crit \u00e0 Genki Consulting \/ St\u00e9phane Janssoone au moins huit jours francs avant le d\u00e9but de la premi\u00e8re s\u00e9ance. Tout coaching commenc\u00e9 est d\u00fb dans sa totalit\u00e9, sauf accord des deux parties. De m\u00eame, si un coach\u00e9 ne se pr\u00e9sente pas ou s\u2019il ne pr\u00e9vient pas de son absence au moins 48 heures \u00e0 l\u2019avance, il sera factur\u00e9 comme s\u2019il avait assist\u00e9 \u00e0 une s\u00e9ance de coaching. En cas d\u2019annulation d\u2019une s\u00e9ance par Genki Consulting \/ Stephane Janssoone, pour quelque motif que ce soit, nous faisons en sorte que les coach\u00e9s soient pr\u00e9venus au plus t\u00f4t.","_et_gb_content_width":"","footnotes":""},"class_list":["post-6158","page","type-page","status-publish","hentry"],"_links":{"self":[{"href":"https:\/\/stephanejanssoone.com\/en\/wp-json\/wp\/v2\/pages\/6158"}],"collection":[{"href":"https:\/\/stephanejanssoone.com\/en\/wp-json\/wp\/v2\/pages"}],"about":[{"href":"https:\/\/stephanejanssoone.com\/en\/wp-json\/wp\/v2\/types\/page"}],"author":[{"embeddable":true,"href":"https:\/\/stephanejanssoone.com\/en\/wp-json\/wp\/v2\/users\/1"}],"replies":[{"embeddable":true,"href":"https:\/\/stephanejanssoone.com\/en\/wp-json\/wp\/v2\/comments?post=6158"}],"version-history":[{"count":6,"href":"https:\/\/stephanejanssoone.com\/en\/wp-json\/wp\/v2\/pages\/6158\/revisions"}],"predecessor-version":[{"id":6465,"href":"https:\/\/stephanejanssoone.com\/en\/wp-json\/wp\/v2\/pages\/6158\/revisions\/6465"}],"wp:attachment":[{"href":"https:\/\/stephanejanssoone.com\/en\/wp-json\/wp\/v2\/media?parent=6158"}],"curies":[{"name":"wp","href":"https:\/\/api.w.org\/{rel}","templated":true}]}}