{"id":4849,"date":"2019-02-20T17:29:18","date_gmt":"2019-02-20T17:29:18","guid":{"rendered":"http:\/\/stephanejanssoone.com\/?page_id=4849"},"modified":"2024-06-05T10:46:40","modified_gmt":"2024-06-05T08:46:40","slug":"respiration","status":"publish","type":"page","link":"https:\/\/stephanejanssoone.com\/en\/respiration\/","title":{"rendered":"Breathing"},"content":{"rendered":"<p>[et_pb_section fb_built=\u00a0\u00bb1&Prime; fullwidth=\u00a0\u00bbon\u00a0\u00bb disabled_on=\u00a0\u00bbon|off|off\u00a0\u00bb _builder_version=\u00a0\u00bb4.16&Prime; global_colors_info=\u00a0\u00bb{}\u00a0\u00bb][et_pb_fullwidth_header _builder_version=\u00a0\u00bb4.19.5&Prime; title_font=\u00a0\u00bb|||on|||||\u00a0\u00bb title_text_align=\u00a0\u00bbcenter\u00a0\u00bb title_font_size=\u00a0\u00bb78px\u00a0\u00bb content_font=\u00a0\u00bb|||on|||||\u00a0\u00bb content_text_align=\u00a0\u00bbcenter\u00a0\u00bb content_font_size=\u00a0\u00bb18px\u00a0\u00bb background_image=\u00a0\u00bbhttps:\/\/stephanejanssoone.com\/wp-content\/uploads\/methode-wim-hod_02.jpg\u00a0\u00bb global_colors_info=\u00a0\u00bb{}\u00a0\u00bb button_one_text_size__hover_enabled=\u00a0\u00bboff\u00a0\u00bb button_two_text_size__hover_enabled=\u00a0\u00bboff\u00a0\u00bb button_one_text_color__hover_enabled=\u00a0\u00bboff\u00a0\u00bb button_two_text_color__hover_enabled=\u00a0\u00bboff\u00a0\u00bb button_one_border_width__hover_enabled=\u00a0\u00bboff\u00a0\u00bb button_two_border_width__hover_enabled=\u00a0\u00bboff\u00a0\u00bb button_one_border_color__hover_enabled=\u00a0\u00bboff\u00a0\u00bb button_two_border_color__hover_enabled=\u00a0\u00bboff\u00a0\u00bb button_one_border_radius__hover_enabled=\u00a0\u00bboff\u00a0\u00bb button_two_border_radius__hover_enabled=\u00a0\u00bboff\u00a0\u00bb button_one_letter_spacing__hover_enabled=\u00a0\u00bboff\u00a0\u00bb button_two_letter_spacing__hover_enabled=\u00a0\u00bboff\u00a0\u00bb button_one_bg_color__hover_enabled=\u00a0\u00bboff\u00a0\u00bb button_two_bg_color__hover_enabled=\u00a0\u00bboff\u00a0\u00bb]<\/p>\n<h1 style=\"text-align: center;\"><strong>Breathing Academy<\/strong><\/h1>\n<p>[\/et_pb_fullwidth_header][\/et_pb_section][et_pb_section fb_built=\u00a0\u00bb1&Prime; _builder_version=\u00a0\u00bb4.19.5&Prime; custom_padding=\u00a0\u00bb50px||||false|false\u00a0\u00bb global_colors_info=\u00a0\u00bb{}\u00a0\u00bb][et_pb_row _builder_version=\u00a0\u00bb4.19.5&Prime; custom_margin=\u00a0\u00bb|auto||auto|false|false\u00a0\u00bb custom_padding=\u00a0\u00bb||||false|false\u00a0\u00bb global_colors_info=\u00a0\u00bb{}\u00a0\u00bb][et_pb_column type=\u00a0\u00bb4_4&Prime; _builder_version=\u00a0\u00bb4.16&Prime; global_colors_info=\u00a0\u00bb{}\u00a0\u00bb][et_pb_text _builder_version=\u00a0\u00bb4.19.5&Prime; text_line_height=\u00a0\u00bb1.8em\u00a0\u00bb global_colors_info=\u00a0\u00bb{}\u00a0\u00bb]<\/p>\n<p>La synth\u00e8se de mes derni\u00e8res ann\u00e9es d\u2019apprentissage sur la Respiration ainsi que les \u00e9l\u00e9ments psychom\u00e9triques acquis est la plus claire des grilles de lecture de mes coach\u00e9s.<br \/>Je suis certifi\u00e9 de la technique Action Type\u00ae qui \u00e9value les pr\u00e9f\u00e9rences motrices afin de d\u00e9finir le contexte le plus favorable pour \u00e9voluer. Forc\u00e9ment, la corr\u00e9lation esprit\/corps r\u00e9sonne fort pour l\u2019ancien athl\u00e8te que je suis.<br \/>MBTI\u00ae tire son essence du livre de Carl Jung intitul\u00e9 \u00ab Les types psychologiques \u00bb. Cela donne un \u00e9clairage sur notre style de communication, nos besoins, nos qualit\u00e9s, notre fa\u00e7on de communiquer, notre leadership, et nos ambitions de vie.<br \/>J\u2019utilise ce que j\u2019enseigne pour <span style=\"color: #52809e;\"><strong>\u00e9valuer, apporter des corrections, des axes d\u2019am\u00e9lioration sur le long terme en reprogrammant le centre respiratoire et les sch\u00e9mas ancr\u00e9s<\/strong><\/span>.<\/p>\n<p>Les techniques dont je suis instructeur, <span style=\"color: #52809e;\"><strong>Wim Hof, Oxygene Advantage, Advanced Buteyko<\/strong><\/span>, sont \u00e9galement des supports de connaissance de la Respiration.<\/p>\n<p>[\/et_pb_text][\/et_pb_column][\/et_pb_row][et_pb_row column_structure=\u00a0\u00bb1_2,1_2&Prime; _builder_version=\u00a0\u00bb4.16&Prime; custom_margin=\u00a0\u00bb||||false|false\u00a0\u00bb custom_padding=\u00a0\u00bb20px|20px|20px|20px|true|true\u00a0\u00bb box_shadow_style=\u00a0\u00bbpreset1&Prime; global_colors_info=\u00a0\u00bb{}\u00a0\u00bb][et_pb_column type=\u00a0\u00bb1_2&Prime; _builder_version=\u00a0\u00bb4.16&Prime; global_colors_info=\u00a0\u00bb{}\u00a0\u00bb][et_pb_text _builder_version=\u00a0\u00bb4.19.5&Prime; text_line_height=\u00a0\u00bb1.8em\u00a0\u00bb header_2_font=\u00a0\u00bb|||on|||||\u00a0\u00bb header_2_font_size=\u00a0\u00bb40px\u00a0\u00bb global_colors_info=\u00a0\u00bb{}\u00a0\u00bb]<\/p>\n<p>The <a href=\"https:\/\/breathing-academy.com\"><strong>Breathing Academy<\/strong><\/a>, que j\u2019ai fond\u00e9e l\u2019ann\u00e9e derni\u00e8re est le laboratoire, o\u00f9 nous incubons nos techniques, o\u00f9 nous les pratiquons et o\u00f9 nous transmettons.<br \/>Lorsque des praticiens viennent se former \u00e0 la <strong><a href=\"https:\/\/breathing-academy.com\/formations-professionnelles\/\">Masterclass<\/a><\/strong>, nous les \u00e9quipons d\u2019outils pr\u00e9cis et cibl\u00e9s<\/p>\n<p>[\/et_pb_text][\/et_pb_column][et_pb_column type=\u00a0\u00bb1_2&Prime; _builder_version=\u00a0\u00bb4.16&Prime; global_colors_info=\u00a0\u00bb{}\u00a0\u00bb][et_pb_text _builder_version=\u00a0\u00bb4.19.5&Prime; text_line_height=\u00a0\u00bb1.8em\u00a0\u00bb global_colors_info=\u00a0\u00bb{}\u00a0\u00bb]<\/p>\n<p style=\"font-weight: 400;\">Les stagiaires ont alors un nouveau regard sur l\u2019accompagnement, c\u2019est \u00e9galement ce que je propose en rendez-vous individuel, de groupe ou en entreprise.<\/p>\n<p style=\"font-weight: 400;\">Ce sont des cl\u00e9s modernes et activables pour aller rapidement mieux puis parfaitement bien.<\/p>\n<p>[\/et_pb_text][\/et_pb_column][\/et_pb_row][\/et_pb_section][et_pb_section fb_built=\u00a0\u00bb1&Prime; _builder_version=\u00a0\u00bb4.19.5&Prime; _module_preset=\u00a0\u00bbdefault\u00a0\u00bb global_colors_info=\u00a0\u00bb{}\u00a0\u00bb][et_pb_row column_structure=\u00a0\u00bb1_2,1_2&Prime; _builder_version=\u00a0\u00bb4.19.5&Prime; _module_preset=\u00a0\u00bbdefault\u00a0\u00bb global_colors_info=\u00a0\u00bb{}\u00a0\u00bb][et_pb_column type=\u00a0\u00bb1_2&Prime; _builder_version=\u00a0\u00bb4.19.5&Prime; _module_preset=\u00a0\u00bbdefault\u00a0\u00bb global_colors_info=\u00a0\u00bb{}\u00a0\u00bb][et_pb_image src=\u00a0\u00bbhttps:\/\/stephanejanssoone.com\/wp-content\/uploads\/Breathing-academy_France.jpg\u00a0\u00bb title_text=\u00a0\u00bbBreathing-academy_France\u00a0\u00bb _builder_version=\u00a0\u00bb4.19.5&Prime; _module_preset=\u00a0\u00bbdefault\u00a0\u00bb global_colors_info=\u00a0\u00bb{}\u00a0\u00bb][\/et_pb_image][\/et_pb_column][et_pb_column type=\u00a0\u00bb1_2&Prime; _builder_version=\u00a0\u00bb4.19.5&Prime; _module_preset=\u00a0\u00bbdefault\u00a0\u00bb global_colors_info=\u00a0\u00bb{}\u00a0\u00bb][et_pb_image src=\u00a0\u00bbhttps:\/\/stephanejanssoone.com\/wp-content\/uploads\/Breathing-academy_France2.jpg\u00a0\u00bb title_text=\u00a0\u00bbBreathing-academy_France2&Prime; _builder_version=\u00a0\u00bb4.19.5&Prime; _module_preset=\u00a0\u00bbdefault\u00a0\u00bb global_colors_info=\u00a0\u00bb{}\u00a0\u00bb][\/et_pb_image][\/et_pb_column][\/et_pb_row][\/et_pb_section][et_pb_section fb_built=\u00a0\u00bb1&Prime; _builder_version=\u00a0\u00bb4.19.5&Prime; _module_preset=\u00a0\u00bbdefault\u00a0\u00bb global_colors_info=\u00a0\u00bb{}\u00a0\u00bb][et_pb_row _builder_version=\u00a0\u00bb4.16&Prime; use_background_color_gradient=\u00a0\u00bbon\u00a0\u00bb background_color_gradient_direction=\u00a0\u00bb90deg\u00a0\u00bb background_color_gradient_stops=\u00a0\u00bb#52809e 0%|#78a09e 100%\u00a0\u00bb background_color_gradient_start=\u00a0\u00bb#52809e\u00a0\u00bb background_color_gradient_end=\u00a0\u00bb#78a09e\u00a0\u00bb global_colors_info=\u00a0\u00bb{}\u00a0\u00bb][et_pb_column type=\u00a0\u00bb4_4&Prime; _builder_version=\u00a0\u00bb4.16&Prime; custom_padding=\u00a0\u00bb|||\u00a0\u00bb global_colors_info=\u00a0\u00bb{}\u00a0\u00bb custom_padding__hover=\u00a0\u00bb|||\u00a0\u00bb][et_pb_text _builder_version=\u00a0\u00bb4.19.5&Prime; text_font=\u00a0\u00bb||||||||\u00a0\u00bb text_text_color=\u00a0\u00bb#FFFFFF\u00a0\u00bb text_font_size=\u00a0\u00bb18px\u00a0\u00bb header_2_font=\u00a0\u00bb||||||||\u00a0\u00bb header_2_text_color=\u00a0\u00bb#FFFFFF\u00a0\u00bb text_orientation=\u00a0\u00bbcenter\u00a0\u00bb custom_padding=\u00a0\u00bb|30px||30px|false|true\u00a0\u00bb global_colors_info=\u00a0\u00bb{}\u00a0\u00bb]<\/p>\n<h2><span data-offset-key=\"6aeoc-29-0\">App<\/span><span data-offset-key=\"6aeoc-30-0\">rene<\/span><span data-offset-key=\"6aeoc-31-0\">z<\/span><span data-offset-key=\"6aeoc-32-0\"> \u00e0<\/span><span data-offset-key=\"6aeoc-33-0\"> M<\/span><span data-offset-key=\"6aeoc-34-0\">ie<\/span><span data-offset-key=\"6aeoc-35-0\">ux<\/span><span data-offset-key=\"6aeoc-36-0\"> Res<\/span><span data-offset-key=\"6aeoc-37-0\">pire<\/span><span data-offset-key=\"6aeoc-38-0\">r<\/span><span data-offset-key=\"6aeoc-39-0\"> a<\/span><span data-offset-key=\"6aeoc-40-0\">vec<\/span><strong> la Breathing Academy<\/strong><\/h2>\n<p>La Breathing Academy est la premi\u00e8re \u00c9cole de Respiration de France qui a pour ambition de mettre l&rsquo;accent sur la respiration et sa compr\u00e9hension \u00e0 travers l&rsquo;enseignement et l&rsquo;exp\u00e9rimentation.<\/p>\n<p>[\/et_pb_text][et_pb_button button_url=\u00a0\u00bbhttps:\/\/breathing-academy.com\u00a0\u00bb button_text=\u00a0\u00bbVisitez la site web\u00a0\u00bb button_alignment=\u00a0\u00bbcenter\u00a0\u00bb _builder_version=\u00a0\u00bb4.19.5&Prime; custom_button=\u00a0\u00bbon\u00a0\u00bb button_text_size=\u00a0\u00bb12px\u00a0\u00bb button_border_radius=\u00a0\u00bb0px\u00a0\u00bb button_font=\u00a0\u00bb|||on|||||\u00a0\u00bb background_layout=\u00a0\u00bbdark\u00a0\u00bb global_colors_info=\u00a0\u00bb{}\u00a0\u00bb button_text_size__hover_enabled=\u00a0\u00bboff\u00a0\u00bb button_one_text_size__hover_enabled=\u00a0\u00bboff\u00a0\u00bb button_two_text_size__hover_enabled=\u00a0\u00bboff\u00a0\u00bb button_text_color__hover_enabled=\u00a0\u00bboff\u00a0\u00bb button_one_text_color__hover_enabled=\u00a0\u00bboff\u00a0\u00bb button_two_text_color__hover_enabled=\u00a0\u00bboff\u00a0\u00bb button_border_width__hover_enabled=\u00a0\u00bboff\u00a0\u00bb button_one_border_width__hover_enabled=\u00a0\u00bboff\u00a0\u00bb button_two_border_width__hover_enabled=\u00a0\u00bboff\u00a0\u00bb button_border_color__hover_enabled=\u00a0\u00bboff\u00a0\u00bb button_one_border_color__hover_enabled=\u00a0\u00bboff\u00a0\u00bb button_two_border_color__hover_enabled=\u00a0\u00bboff\u00a0\u00bb button_border_radius__hover_enabled=\u00a0\u00bboff\u00a0\u00bb button_one_border_radius__hover_enabled=\u00a0\u00bboff\u00a0\u00bb button_two_border_radius__hover_enabled=\u00a0\u00bboff\u00a0\u00bb button_letter_spacing__hover_enabled=\u00a0\u00bboff\u00a0\u00bb button_one_letter_spacing__hover_enabled=\u00a0\u00bboff\u00a0\u00bb button_two_letter_spacing__hover_enabled=\u00a0\u00bboff\u00a0\u00bb button_bg_color__hover_enabled=\u00a0\u00bboff\u00a0\u00bb button_one_bg_color__hover_enabled=\u00a0\u00bboff\u00a0\u00bb button_two_bg_color__hover_enabled=\u00a0\u00bboff\u00a0\u00bb][\/et_pb_button][\/et_pb_column][\/et_pb_row][\/et_pb_section][et_pb_section fb_built=\u00a0\u00bb1&Prime; _builder_version=\u00a0\u00bb4.16&Prime; background_color=\u00a0\u00bb#52809e\u00a0\u00bb background_image=\u00a0\u00bbhttps:\/\/stephanejanssoone.com\/wp-content\/uploads\/SJ-NEW-OK.png\u00a0\u00bb custom_margin=\u00a0\u00bb-26px|20px||20px||true\u00a0\u00bb custom_padding=\u00a0\u00bb57.5938px|0px|0|0px|false|false\u00a0\u00bb global_colors_info=\u00a0\u00bb{}\u00a0\u00bb locked=\u00a0\u00bboff\u00a0\u00bb][et_pb_row column_structure=\u00a0\u00bb1_3,1_3,1_3&Prime; _builder_version=\u00a0\u00bb4.16&Prime; max_width=\u00a0\u00bb1364px\u00a0\u00bb global_colors_info=\u00a0\u00bb{}\u00a0\u00bb][et_pb_column type=\u00a0\u00bb1_3&Prime; _builder_version=\u00a0\u00bb4.16&Prime; _module_preset=\u00a0\u00bbdefault\u00a0\u00bb global_colors_info=\u00a0\u00bb{}\u00a0\u00bb][\/et_pb_column][et_pb_column type=\u00a0\u00bb1_3&Prime; _builder_version=\u00a0\u00bb4.16&Prime; custom_padding=\u00a0\u00bb|||\u00a0\u00bb global_colors_info=\u00a0\u00bb{}\u00a0\u00bb custom_padding__hover=\u00a0\u00bb|||\u00a0\u00bb][et_pb_image src=\u00a0\u00bbhttps:\/\/stephanejanssoone.com\/wp-content\/uploads\/BA.png\u00a0\u00bb title_text=\u00a0\u00bbBA\u00a0\u00bb align=\u00a0\u00bbcenter\u00a0\u00bb _builder_version=\u00a0\u00bb4.16&Prime; _module_preset=\u00a0\u00bbdefault\u00a0\u00bb width=\u00a0\u00bb282.7%\u00a0\u00bb custom_margin=\u00a0\u00bb|-411px||-351px||\u00a0\u00bb global_colors_info=\u00a0\u00bb{}\u00a0\u00bb][\/et_pb_image][et_pb_text _builder_version=\u00a0\u00bb4.16&Prime; _module_preset=\u00a0\u00bbdefault\u00a0\u00bb custom_margin=\u00a0\u00bb|-311px||-314px||\u00a0\u00bb custom_padding=\u00a0\u00bb|0px||||\u00a0\u00bb hover_enabled=\u00a0\u00bb0&Prime; global_colors_info=\u00a0\u00bb{}\u00a0\u00bb sticky_enabled=\u00a0\u00bb0&Prime;]<\/p>\n<p style=\"text-align: center;\"><span style=\"font-size: xx-large;\"><em><span style=\"color: #ffffff;\">La Breathing Academy offre des<strong>\u00a0formations uniques\u00a0<\/strong>destin\u00e9es aux professionnels de sant\u00e9, de l\u2019accompagnement et de l\u2019enseignement, mais aussi aux personnes curieuses ou passionn\u00e9es par la respiration.<\/span><\/em><\/span><\/p>\n<p style=\"text-align: center;\"><span style=\"font-size: xx-large;\"><em><span style=\"color: #ffffff;\"><\/span><\/em><\/span><\/p>\n<p style=\"text-align: center;\"><span style=\"font-size: xx-large;\"><em><span style=\"color: #ffffff;\"><\/span><\/em><\/span><\/p>\n<p style=\"text-align: center;\"><span style=\"font-size: xx-large;\"><em><span style=\"color: #ffffff;\"><\/span><\/em><\/span><\/p>\n<p><span style=\"color: #ffffff;\"><\/span><\/p>\n<p style=\"text-align: center;\"><span style=\"color: #ffffff; font-size: x-large;\">Elles abordent toutes <strong>les facettes de la respiration<\/strong>, de la m\u00e9canique ventilatoire aux \u00e9changes gazeux intracellulaires ainsi qu&rsquo;<\/span><span style=\"color: #ffffff; font-size: x-large;\"><strong>un \u00e9clairage nouveau<\/strong> sur l\u2019interaction subtile de la respiration avec le syst\u00e8me nerveux autonome.<\/span><\/p>\n<p style=\"text-align: center;\"><span style=\"color: #ffffff; font-size: x-large;\">Des programmes construits pour permettre la compr\u00e9hension de la place essentielle de la respiration au c\u0153ur du fonctionnement humain, quelles soient les applications souhait\u00e9es (sant\u00e9, gestion du stress, performance&#8230;)<\/span><\/p>\n<p style=\"text-align: center;\"><span style=\"color: #ffffff; font-size: x-large;\"><\/span><\/p>\n<p style=\"text-align: center;\"><span style=\"color: #ffffff; font-size: x-large;\"><\/span><\/p>\n<p style=\"text-align: center;\"><span style=\"color: #ffffff; font-size: x-large;\"><\/span><\/p>\n<p style=\"text-align: center;\"><span style=\"color: #ffffff; font-size: x-large;\"><\/span><\/p>\n<p style=\"text-align: center;\"><span style=\"color: #ffffff; font-size: x-large;\"><\/span><\/p>\n<p style=\"text-align: center;\"><span style=\"color: #ffffff;\"><\/span><\/p>\n<p style=\"text-align: center;\"><span style=\"color: #ffffff;\"><\/span><\/p>\n<p style=\"text-align: center;\"><span style=\"color: #ffffff;\"><\/span><\/p>\n<p style=\"text-align: center;\"><span style=\"color: #ffffff;\"><\/span><\/p>\n<p><span style=\"color: #ffffff;\"><\/span><\/p>\n<p>[\/et_pb_text][et_pb_image src=\u00a0\u00bbhttps:\/\/stephanejanssoone.com\/wp-content\/uploads\/BRTHNG_A_Base_Bleu-4.png\u00a0\u00bb title_text=\u00a0\u00bbBRTHNG_A_Base_Bleu (4)\u00a0\u00bb align=\u00a0\u00bbcenter\u00a0\u00bb _builder_version=\u00a0\u00bb4.19.5&Prime; _module_preset=\u00a0\u00bbdefault\u00a0\u00bb custom_margin=\u00a0\u00bb130px||||false|false\u00a0\u00bb hover_enabled=\u00a0\u00bb0&Prime; global_colors_info=\u00a0\u00bb{}\u00a0\u00bb sticky_enabled=\u00a0\u00bb0&Prime; transform_styles_last_edited=\u00a0\u00bbon|desktop\u00a0\u00bb transform_scale_last_edited=\u00a0\u00bbon|desktop\u00a0\u00bb transform_translate_last_edited=\u00a0\u00bbon|desktop\u00a0\u00bb transform_rotate_last_edited=\u00a0\u00bbon|desktop\u00a0\u00bb transform_skew_last_edited=\u00a0\u00bbon|desktop\u00a0\u00bb transform_origin_last_edited=\u00a0\u00bbon|desktop\u00a0\u00bb transform_translate_linked=\u00a0\u00bboff\u00a0\u00bb transform_translate=\u00a0\u00bb0px|-104px\u00a0\u00bb transform_translate_tablet=\u00a0\u00bb0px|-104px\u00a0\u00bb transform_translate_phone=\u00a0\u00bb0px|-104px\u00a0\u00bb][\/et_pb_image][et_pb_button button_url=\u00a0\u00bbhttps:\/\/breathing-academy.com\u00a0\u00bb url_new_window=\u00a0\u00bbon\u00a0\u00bb button_text=\u00a0\u00bbD\u00e9couvrir\u00a0\u00bb button_alignment=\u00a0\u00bbcenter\u00a0\u00bb admin_label=\u00a0\u00bbbutton-gradient\u00a0\u00bb _builder_version=\u00a0\u00bb4.17.6&Prime; custom_button=\u00a0\u00bbon\u00a0\u00bb button_text_size=\u00a0\u00bb14px\u00a0\u00bb button_text_color=\u00a0\u00bb#FFFFFF\u00a0\u00bb button_bg_use_color_gradient=\u00a0\u00bbon\u00a0\u00bb button_bg_color_gradient_direction=\u00a0\u00bb90deg\u00a0\u00bb button_bg_color_gradient_stops=\u00a0\u00bb#52809e 0%|#78a9a0 100%\u00a0\u00bb button_bg_color_gradient_start=\u00a0\u00bb#52809e\u00a0\u00bb button_bg_color_gradient_end=\u00a0\u00bb#78a9a0&Prime; button_border_width=\u00a0\u00bb0px\u00a0\u00bb button_font=\u00a0\u00bb|600||on|||||\u00a0\u00bb button_use_icon=\u00a0\u00bboff\u00a0\u00bb custom_margin=\u00a0\u00bb0px||\u00a0\u00bb button_letter_spacing_hover=\u00a0\u00bb0&Prime; saved_tabs=\u00a0\u00bball\u00a0\u00bb global_colors_info=\u00a0\u00bb{}\u00a0\u00bb button_text_size__hover_enabled=\u00a0\u00bboff\u00a0\u00bb button_one_text_size__hover_enabled=\u00a0\u00bboff\u00a0\u00bb button_two_text_size__hover_enabled=\u00a0\u00bboff\u00a0\u00bb button_text_color__hover_enabled=\u00a0\u00bboff\u00a0\u00bb button_one_text_color__hover_enabled=\u00a0\u00bboff\u00a0\u00bb button_two_text_color__hover_enabled=\u00a0\u00bboff\u00a0\u00bb button_border_width__hover_enabled=\u00a0\u00bboff\u00a0\u00bb button_one_border_width__hover_enabled=\u00a0\u00bboff\u00a0\u00bb button_two_border_width__hover_enabled=\u00a0\u00bboff\u00a0\u00bb button_border_color__hover_enabled=\u00a0\u00bboff\u00a0\u00bb button_one_border_color__hover_enabled=\u00a0\u00bboff\u00a0\u00bb button_two_border_color__hover_enabled=\u00a0\u00bboff\u00a0\u00bb button_border_radius__hover_enabled=\u00a0\u00bboff\u00a0\u00bb button_one_border_radius__hover_enabled=\u00a0\u00bboff\u00a0\u00bb button_two_border_radius__hover_enabled=\u00a0\u00bboff\u00a0\u00bb button_letter_spacing__hover_enabled=\u00a0\u00bbon\u00a0\u00bb button_letter_spacing__hover=\u00a0\u00bb0&Prime; button_one_letter_spacing__hover_enabled=\u00a0\u00bboff\u00a0\u00bb button_two_letter_spacing__hover_enabled=\u00a0\u00bboff\u00a0\u00bb button_bg_color__hover_enabled=\u00a0\u00bboff\u00a0\u00bb button_one_bg_color__hover_enabled=\u00a0\u00bboff\u00a0\u00bb button_two_bg_color__hover_enabled=\u00a0\u00bboff\u00a0\u00bb][\/et_pb_button][\/et_pb_column][et_pb_column type=\u00a0\u00bb1_3&Prime; _builder_version=\u00a0\u00bb4.16&Prime; _module_preset=\u00a0\u00bbdefault\u00a0\u00bb global_colors_info=\u00a0\u00bb{}\u00a0\u00bb][\/et_pb_column][\/et_pb_row][\/et_pb_section]<\/p>","protected":false},"excerpt":{"rendered":"<p>Breathing AcademyLa synth\u00e8se de mes derni\u00e8res ann\u00e9es d\u2019apprentissage sur la Respiration ainsi que les \u00e9l\u00e9ments psychom\u00e9triques acquis est la plus claire des grilles de lecture de mes coach\u00e9s.Je suis certifi\u00e9 de la technique Action Type\u00ae qui \u00e9value les pr\u00e9f\u00e9rences motrices afin de d\u00e9finir le contexte le plus favorable pour \u00e9voluer. Forc\u00e9ment, la corr\u00e9lation esprit\/corps r\u00e9sonne [&hellip;]<\/p>","protected":false},"author":1,"featured_media":0,"parent":0,"menu_order":0,"comment_status":"closed","ping_status":"closed","template":"","meta":{"_et_pb_use_builder":"on","_et_pb_old_content":"","_et_gb_content_width":"","footnotes":""},"class_list":["post-4849","page","type-page","status-publish","hentry"],"_links":{"self":[{"href":"https:\/\/stephanejanssoone.com\/en\/wp-json\/wp\/v2\/pages\/4849"}],"collection":[{"href":"https:\/\/stephanejanssoone.com\/en\/wp-json\/wp\/v2\/pages"}],"about":[{"href":"https:\/\/stephanejanssoone.com\/en\/wp-json\/wp\/v2\/types\/page"}],"author":[{"embeddable":true,"href":"https:\/\/stephanejanssoone.com\/en\/wp-json\/wp\/v2\/users\/1"}],"replies":[{"embeddable":true,"href":"https:\/\/stephanejanssoone.com\/en\/wp-json\/wp\/v2\/comments?post=4849"}],"version-history":[{"count":7,"href":"https:\/\/stephanejanssoone.com\/en\/wp-json\/wp\/v2\/pages\/4849\/revisions"}],"predecessor-version":[{"id":7551,"href":"https:\/\/stephanejanssoone.com\/en\/wp-json\/wp\/v2\/pages\/4849\/revisions\/7551"}],"wp:attachment":[{"href":"https:\/\/stephanejanssoone.com\/en\/wp-json\/wp\/v2\/media?parent=4849"}],"curies":[{"name":"wp","href":"https:\/\/api.w.org\/{rel}","templated":true}]}}