{"id":2808,"date":"2017-02-27T13:06:12","date_gmt":"2017-02-27T13:06:12","guid":{"rendered":"http:\/\/stephanejanssoone.com\/sample-page-copy\/"},"modified":"2021-07-12T17:04:20","modified_gmt":"2021-07-12T15:04:20","slug":"bio","status":"publish","type":"page","link":"https:\/\/stephanejanssoone.com\/en\/bio\/","title":{"rendered":"Bio"},"content":{"rendered":"<p>[et_pb_section fb_built=\u00a0\u00bb1&Prime; fullwidth=\u00a0\u00bbon\u00a0\u00bb _builder_version=\u00a0\u00bb4.4.4&Prime; background_image=\u00a0\u00bbhttps:\/\/stephanejanssoone.com\/wp-content\/uploads\/De-Stephane-a-vous_02.jpg\u00a0\u00bb min_height=\u00a0\u00bb250px\u00a0\u00bb][et_pb_fullwidth_header _builder_version=\u00a0\u00bb4.4.4&Prime; title_font=\u00a0\u00bb|||on|||||\u00a0\u00bb title_text_align=\u00a0\u00bbcenter\u00a0\u00bb background_enable_color=\u00a0\u00bboff\u00a0\u00bb custom_margin=\u00a0\u00bb||||false|false\u00a0\u00bb custom_padding=\u00a0\u00bb||||false|false\u00a0\u00bb]<\/p>\n<h1>FROM ST\u00c9PHANE <span class=\"last-word\">TO YOU<\/span><\/h1>\n<p>[\/et_pb_fullwidth_header][\/et_pb_section][et_pb_section fb_built=\u00a0\u00bb1&Prime; _builder_version=\u00a0\u00bb3.22&Prime; custom_margin=\u00a0\u00bb|20px||20px||true\u00a0\u00bb][et_pb_row column_structure=\u00a0\u00bb1_2,1_2&Prime; _builder_version=\u00a0\u00bb3.25&Prime;][et_pb_column type=\u00a0\u00bb1_2&Prime; _builder_version=\u00a0\u00bb3.25&Prime; custom_padding=\u00a0\u00bb|||\u00a0\u00bb custom_padding__hover=\u00a0\u00bb|||\u00a0\u00bb][et_pb_text _builder_version=\u00a0\u00bb3.27.4&Prime; text_font=\u00a0\u00bb||||||||\u00a0\u00bb header_font=\u00a0\u00bb||||||||\u00a0\u00bb header_2_font=\u00a0\u00bb|||on|||||\u00a0\u00bb header_2_font_size=\u00a0\u00bb38px\u00a0\u00bb]<\/p>\n<h2 class=\" translation-block\"><span style=\"color: #52809e;font-size: 80px\"><strong>WHO'S<\/strong><\/span> ST\u00c9PHANE JANSSOONE?<\/h2>\n<p>[\/et_pb_text][\/et_pb_column][et_pb_column type=\u00a0\u00bb1_2&Prime; _builder_version=\u00a0\u00bb3.25&Prime; custom_padding=\u00a0\u00bb|||\u00a0\u00bb custom_padding__hover=\u00a0\u00bb|||\u00a0\u00bb][\/et_pb_column][\/et_pb_row][et_pb_row column_structure=\u00a0\u00bb1_2,1_2&Prime; _builder_version=\u00a0\u00bb3.25&Prime;][et_pb_column type=\u00a0\u00bb1_2&Prime; _builder_version=\u00a0\u00bb3.25&Prime; custom_padding=\u00a0\u00bb|||\u00a0\u00bb custom_padding__hover=\u00a0\u00bb|||\u00a0\u00bb][et_pb_text _builder_version=\u00a0\u00bb3.27.4&Prime; text_font=\u00a0\u00bb||||||||\u00a0\u00bb]<\/p>\n<p class=\"p1\"><span class=\"s1\">To tell you about myself, I could tell you that I was a professional triathlete, selected in the French team with several participations in world championships, and that the <strong>practice of sport at a high level<\/strong> taught me rigour, gave me a taste for effort <\/span><span class=\"s2\">while pointing out the importance of knowing how to identify and develop one's\u00a0<a href=\"https:\/\/stephanejanssoone.com\/en\/glossaire\/#t\"><span class=\"s3\">talents<\/span><\/a><\/span><span class=\"s4\">.<\/span><\/p>\n<p class=\"p2\"><span class=\"s1\">I could tell you that after my physics and chemistry university, I wanted to validate each of my skills, especially with an MBA, and that training will always be at the centre of my interests. There is <b>so much to learn <\/b>and so much to pass on<\/span><\/p>\n<p class=\"p2\"><span class=\"s1\">I could dwell on my <strong>professional career<\/strong> where for 20 years I worked as an executive in international sales, marketing, business development and management <strong>in large groups and SMEs<\/strong> in the sports industry. Management has been a revelation for me, the company and its social environment being a formidable challenge for interpersonal relations, but also for personal development.<\/span><\/p>\n<p>[\/et_pb_text][\/et_pb_column][et_pb_column type=\u00a0\u00bb1_2&Prime; _builder_version=\u00a0\u00bb3.25&Prime; custom_padding=\u00a0\u00bb|||\u00a0\u00bb custom_padding__hover=\u00a0\u00bb|||\u00a0\u00bb][et_pb_text _builder_version=\u00a0\u00bb3.27.4&Prime;]<\/p>\n<p class=\"p1\"><span class=\"s1\">I could add that in the course of my activities, I have developed a passion for Japanese culture, Zen Buddhism and spirituality, that I have practiced Chinese medicine and Japanese acupuncture and that yoga and martial arts still have a predominant place in my life.<\/span><\/p>\n<p class=\"p2\">But I prefer to tell you that in the beginning there is a book,<strong>Paulo Coelho's Alchemist<\/strong> and the understanding, on reading this novel, that we can create our own life path, our own personal legend and find within ourselves what truly makes sense.<br \/><span class=\"s1\"><\/span><\/p>\n<p class=\"p1\"><span class=\"s1\">That from then on, I would never stop wanting to know myself, to understand myself, and to accept myself. And that in doing so, I learned to observe, learned to receive, learned to accept and <strong>learned to transmit<\/strong>... and understood that this is my path.<\/span><\/p>\n<p>[\/et_pb_text][\/et_pb_column][\/et_pb_row][\/et_pb_section][et_pb_section fb_built=\u00a0\u00bb1&Prime; _builder_version=\u00a0\u00bb3.22&Prime; background_image=\u00a0\u00bbhttps:\/\/stephanejanssoone.com\/wp-content\/uploads\/About_VG_04.jpg\u00a0\u00bb parallax=\u00a0\u00bbon\u00a0\u00bb][et_pb_row _builder_version=\u00a0\u00bb3.25&Prime;][et_pb_column type=\u00a0\u00bb4_4&Prime; _builder_version=\u00a0\u00bb3.25&Prime; custom_padding=\u00a0\u00bb|||\u00a0\u00bb custom_padding__hover=\u00a0\u00bb|||\u00a0\u00bb][et_pb_blurb use_icon=\u00a0\u00bbon\u00a0\u00bb font_icon=\u00a0\u00bb%%90%%\u00a0\u00bb icon_color=\u00a0\u00bb#FFFFFF\u00a0\u00bb content_max_width=\u00a0\u00bb1100px\u00a0\u00bb use_icon_font_size=\u00a0\u00bbon\u00a0\u00bb icon_font_size=\u00a0\u00bb40px\u00a0\u00bb _builder_version=\u00a0\u00bb3.10.1&Prime; header_font=\u00a0\u00bb||||||||\u00a0\u00bb body_font=\u00a0\u00bb|600|||||||\u00a0\u00bb body_text_align=\u00a0\u00bbcenter\u00a0\u00bb body_font_size=\u00a0\u00bb20px\u00a0\u00bb body_line_height=\u00a0\u00bb2em\u00a0\u00bb text_orientation=\u00a0\u00bbcenter\u00a0\u00bb background_layout=\u00a0\u00bbdark\u00a0\u00bb custom_margin=\u00a0\u00bb|||\u00a0\u00bb custom_padding=\u00a0\u00bb|||\u00a0\u00bb]<\/p>\n<p class=\"p1\"><span class=\"s1\"> \u00ab Happiness is to realize one's true nature. Every living organism perseveres, makes an effort to grow, to increase itself and to realize its deepest nature \u00bb.<\/span><\/p>\n<p>[\/et_pb_blurb][et_pb_text _builder_version=\u00a0\u00bb3.27.4&Prime; text_font=\u00a0\u00bb|600||on|||||\u00a0\u00bb text_text_color=\u00a0\u00bb#FFFFFF\u00a0\u00bb]<\/p>\n<p style=\"text-align: center;\">SPINOZA<\/p>\n<p>[\/et_pb_text][\/et_pb_column][\/et_pb_row][\/et_pb_section][et_pb_section fb_built=\u00a0\u00bb1&Prime; _builder_version=\u00a0\u00bb3.22&Prime; custom_margin=\u00a0\u00bb|20px||20px||true\u00a0\u00bb][et_pb_row _builder_version=\u00a0\u00bb3.25&Prime;][et_pb_column type=\u00a0\u00bb4_4&Prime; _builder_version=\u00a0\u00bb3.25&Prime; custom_padding=\u00a0\u00bb|||\u00a0\u00bb custom_padding__hover=\u00a0\u00bb|||\u00a0\u00bb][et_pb_text _builder_version=\u00a0\u00bb3.27.4&Prime; text_font=\u00a0\u00bb||||||||\u00a0\u00bb header_font=\u00a0\u00bb||||||||\u00a0\u00bb header_2_font=\u00a0\u00bb|||on|||||\u00a0\u00bb header_2_font_size=\u00a0\u00bb38px\u00a0\u00bb]<\/p>\n<h2 class=\" translation-block\"><span style=\"color: #52809e;font-size: 80px\"><strong>WHAT'S<\/strong><\/span> MY PROJECT?<\/h2>\n<p>[\/et_pb_text][et_pb_text _builder_version=\u00a0\u00bb3.27.4&Prime;]<\/p>\n<p class=\"p1\"><span class=\"s1\">My journey, both singular and extremely varied, punctuated by my thirst to learn and enriched by beautiful encounters, is today oriented towards a single goal, the connection of individuals to their unique talents, both innate and acquired, to the alignment with their deepest Nature and to their <strong>development in their full potential<\/strong>.<\/span><\/p>\n<p class=\"p1\"><span class=\"s1\">Building oneself inevitably involves <strong>self-knowledge<\/strong> : understanding who we are and how we function. In English, it's about self-awareness, self-awareness, a formulation behind which we can guess that it's about apprehending, understanding, and accepting, without judging. To go with in order to have access to the best of oneself, and not against.\u00a0<\/span>The difficulty lies in the weight of the environment (professional environment, family, friends...), the impact of education, the anchoring of our past experiences and social desirability... which <strong>nourish our \u00ab acquired personality \u00bb<\/strong> and can divert us from our deep and authentic Self, and from our life path.<\/p>\n<p>Building ourselves also involves understanding that <strong>the health of the body<\/strong> is an essential element in our development, whatever it may be. Therefore, learning how to preserve one's health, to maintain one's immunity, to increase one's physical mobility, and to establish oneself in a favourable \u00abstate\u00bb (emotional, psychological, nervous...) is an important part of my support.\u00a0<\/p>\n<p class=\"p1\">[\/et_pb_text][\/et_pb_column][\/et_pb_row][et_pb_row _builder_version=\u00a0\u00bb3.25&Prime;][et_pb_column type=\u00a0\u00bb4_4&Prime; _builder_version=\u00a0\u00bb3.25&Prime; custom_padding=\u00a0\u00bb|||\u00a0\u00bb custom_padding__hover=\u00a0\u00bb|||\u00a0\u00bb][et_pb_image src=\u00a0\u00bbhttps:\/\/stephanejanssoone.com\/wp-content\/uploads\/mon-parcours.jpg\u00a0\u00bb align_tablet=\u00a0\u00bbcenter\u00a0\u00bb align_phone=\u00a0\u00bb\u00a0\u00bb align_last_edited=\u00a0\u00bbon|desktop\u00a0\u00bb _builder_version=\u00a0\u00bb3.23&Prime;][\/et_pb_image][\/et_pb_column][\/et_pb_row][\/et_pb_section][et_pb_section fb_built=\u00a0\u00bb1&Prime; _builder_version=\u00a0\u00bb3.22&Prime; background_image=\u00a0\u00bbhttps:\/\/stephanejanssoone.com\/wp-content\/uploads\/About_VG_04.jpg\u00a0\u00bb parallax=\u00a0\u00bbon\u00a0\u00bb][et_pb_row _builder_version=\u00a0\u00bb3.25&Prime;][et_pb_column type=\u00a0\u00bb4_4&Prime; _builder_version=\u00a0\u00bb3.25&Prime; custom_padding=\u00a0\u00bb|||\u00a0\u00bb custom_padding__hover=\u00a0\u00bb|||\u00a0\u00bb][et_pb_blurb use_icon=\u00a0\u00bbon\u00a0\u00bb font_icon=\u00a0\u00bb%%90%%\u00a0\u00bb icon_color=\u00a0\u00bb#FFFFFF\u00a0\u00bb content_max_width=\u00a0\u00bb1100px\u00a0\u00bb use_icon_font_size=\u00a0\u00bbon\u00a0\u00bb icon_font_size=\u00a0\u00bb40px\u00a0\u00bb _builder_version=\u00a0\u00bb3.10.1&Prime; header_font=\u00a0\u00bb||||||||\u00a0\u00bb body_font=\u00a0\u00bb|600|||||||\u00a0\u00bb body_text_align=\u00a0\u00bbcenter\u00a0\u00bb body_font_size=\u00a0\u00bb20px\u00a0\u00bb body_line_height=\u00a0\u00bb2em\u00a0\u00bb text_orientation=\u00a0\u00bbcenter\u00a0\u00bb background_layout=\u00a0\u00bbdark\u00a0\u00bb custom_margin=\u00a0\u00bb|||\u00a0\u00bb custom_padding=\u00a0\u00bb|||\u00a0\u00bb]<\/p>\n<p style=\"text-align: center;\">\u00ab The young man didn't know what \u00ab Personal Legend \u00bb meant.<br \/>\nIt's what you've always wanted to do. Each one of us in our prime, knows what our Personal Legend is. At this time of life, everything is clear, everything is possible, and we are not afraid to dream and wish for everything we would like to do in our lives \u00bb<\/p>\n<p>[\/et_pb_blurb][et_pb_text _builder_version=\u00a0\u00bb3.27.4&Prime; text_font=\u00a0\u00bb|600||on|||||\u00a0\u00bb text_text_color=\u00a0\u00bb#FFFFFF\u00a0\u00bb]<\/p>\n<p style=\"text-align: center;\">THE ALCHEMIST - PAOLO COELHO<\/p>\n<p>[\/et_pb_text][\/et_pb_column][\/et_pb_row][\/et_pb_section]<\/p>","protected":false},"excerpt":{"rendered":"<p>De St\u00e9phane \u00e0 vousQui est St\u00e9phane Janssoone?Pour vous parler de moi, je pourrais vous raconter que j\u2019ai \u00e9t\u00e9 triathl\u00e8te professionnel, s\u00e9lectionn\u00e9 en \u00e9quipe de France avec plusieurs participations \u00e0 des championnats du monde, et que la pratique du sport \u00e0 haut niveau m\u2019a appris la rigueur, m\u2019a donn\u00e9 le go\u00fbt de l\u2019effort tout en pointant [&hellip;]<\/p>","protected":false},"author":1,"featured_media":4521,"parent":0,"menu_order":0,"comment_status":"closed","ping_status":"open","template":"","meta":{"_et_pb_use_builder":"on","_et_pb_old_content":"","_et_gb_content_width":"","footnotes":""},"class_list":["post-2808","page","type-page","status-publish","has-post-thumbnail","hentry"],"_links":{"self":[{"href":"https:\/\/stephanejanssoone.com\/en\/wp-json\/wp\/v2\/pages\/2808"}],"collection":[{"href":"https:\/\/stephanejanssoone.com\/en\/wp-json\/wp\/v2\/pages"}],"about":[{"href":"https:\/\/stephanejanssoone.com\/en\/wp-json\/wp\/v2\/types\/page"}],"author":[{"embeddable":true,"href":"https:\/\/stephanejanssoone.com\/en\/wp-json\/wp\/v2\/users\/1"}],"replies":[{"embeddable":true,"href":"https:\/\/stephanejanssoone.com\/en\/wp-json\/wp\/v2\/comments?post=2808"}],"version-history":[{"count":1,"href":"https:\/\/stephanejanssoone.com\/en\/wp-json\/wp\/v2\/pages\/2808\/revisions"}],"predecessor-version":[{"id":6930,"href":"https:\/\/stephanejanssoone.com\/en\/wp-json\/wp\/v2\/pages\/2808\/revisions\/6930"}],"wp:featuredmedia":[{"embeddable":true,"href":"https:\/\/stephanejanssoone.com\/en\/wp-json\/wp\/v2\/media\/4521"}],"wp:attachment":[{"href":"https:\/\/stephanejanssoone.com\/en\/wp-json\/wp\/v2\/media?parent=2808"}],"curies":[{"name":"wp","href":"https:\/\/api.w.org\/{rel}","templated":true}]}}